{"id":27,"date":"2014-09-14T17:58:45","date_gmt":"2014-09-14T17:58:45","guid":{"rendered":"http:\/\/santaceciliacontabil.com.br\/wp\/?page_id=27"},"modified":"2022-03-29T08:26:09","modified_gmt":"2022-03-29T11:26:09","slug":"area-de-atuacao","status":"publish","type":"page","link":"https:\/\/santaceciliacontabil.com.br\/wp\/?page_id=27","title":{"rendered":"\u00c1rea de atua\u00e7\u00e3o"},"content":{"rendered":"<p><strong>DEPARTAMENTO CONT\u00c1BIL<\/strong><br \/>\n&#8211; &nbsp; &nbsp;Contabilidade Fiscal e Gerencial<br \/>\n&#8211;&nbsp; &nbsp; Controle e execu\u00e7\u00e3o das obriga\u00e7\u00f5es cont\u00e1beis atendendo todas as&nbsp;legisla\u00e7\u00f5es pertinentes \u00e0 mat\u00e9ria cont\u00e1bil e fiscal.<\/p>\n<p><strong>DEPARTAMENTO FISCAL<\/strong><br \/>\n&#8211;&nbsp; &nbsp; Controle e execu\u00e7\u00e3o de todas as obriga\u00e7\u00f5es fiscais no \u00e2mbito federal,&nbsp;estadual e municipal.<br \/>\n&#8211;&nbsp; &nbsp; Administra\u00e7\u00e3o de tributos e suas obriga\u00e7\u00f5es acess\u00f3rias.<\/p>\n<p><strong>&nbsp;DEPARTAMENTO PESSOAL<\/strong><br \/>\n&#8211;&nbsp; &nbsp; Controle e administra\u00e7\u00e3o de Recursos Humanos.<br \/>\n&#8211;&nbsp; &nbsp; Folha de pagamento, admiss\u00e3o, rescis\u00f5es.<\/p>\n<p><strong>&nbsp;ASSESSORIA E CONSULTORIA<\/strong><br \/>\n&#8211;&nbsp; &nbsp; Consultoria e assessoria tribut\u00e1ria e fiscal<br \/>\n&#8211;&nbsp; &nbsp; Consultoria societ\u00e1ria.<\/p>\n","protected":false},"excerpt":{"rendered":"<p>DEPARTAMENTO CONT\u00c1BIL &#8211; &nbsp; &nbsp;Contabilidade Fiscal e Gerencial &#8211;&nbsp; &nbsp; Controle e execu\u00e7\u00e3o das obriga\u00e7\u00f5es cont\u00e1beis atendendo todas as&nbsp;legisla\u00e7\u00f5es pertinentes \u00e0 mat\u00e9ria cont\u00e1bil e fiscal. DEPARTAMENTO FISCAL &#8211;&nbsp; &nbsp; Controle e execu\u00e7\u00e3o de todas as obriga\u00e7\u00f5es fiscais no \u00e2mbito federal,&nbsp;estadual e municipal. &#8211;&nbsp; &nbsp; Administra\u00e7\u00e3o de tributos e suas obriga\u00e7\u00f5es acess\u00f3rias. &nbsp;DEPARTAMENTO PESSOAL &#8211;&nbsp; &nbsp; [&hellip;]<\/p>\n","protected":false},"author":2,"featured_media":0,"parent":0,"menu_order":0,"comment_status":"closed","ping_status":"open","template":"","meta":[],"_links":{"self":[{"href":"https:\/\/santaceciliacontabil.com.br\/wp\/index.php?rest_route=\/wp\/v2\/pages\/27"}],"collection":[{"href":"https:\/\/santaceciliacontabil.com.br\/wp\/index.php?rest_route=\/wp\/v2\/pages"}],"about":[{"href":"https:\/\/santaceciliacontabil.com.br\/wp\/index.php?rest_route=\/wp\/v2\/types\/page"}],"author":[{"embeddable":true,"href":"https:\/\/santaceciliacontabil.com.br\/wp\/index.php?rest_route=\/wp\/v2\/users\/2"}],"replies":[{"embeddable":true,"href":"https:\/\/santaceciliacontabil.com.br\/wp\/index.php?rest_route=%2Fwp%2Fv2%2Fcomments&post=27"}],"version-history":[{"count":2,"href":"https:\/\/santaceciliacontabil.com.br\/wp\/index.php?rest_route=\/wp\/v2\/pages\/27\/revisions"}],"predecessor-version":[{"id":131,"href":"https:\/\/santaceciliacontabil.com.br\/wp\/index.php?rest_route=\/wp\/v2\/pages\/27\/revisions\/131"}],"wp:attachment":[{"href":"https:\/\/santaceciliacontabil.com.br\/wp\/index.php?rest_route=%2Fwp%2Fv2%2Fmedia&parent=27"}],"curies":[{"name":"wp","href":"https:\/\/api.w.org\/{rel}","templated":true}]}}