{"id":31,"date":"2014-09-14T17:59:49","date_gmt":"2014-09-14T17:59:49","guid":{"rendered":"http:\/\/santaceciliacontabil.com.br\/wp\/?page_id=31"},"modified":"2022-03-29T08:25:56","modified_gmt":"2022-03-29T11:25:56","slug":"nossos-clientes","status":"publish","type":"page","link":"https:\/\/santaceciliacontabil.com.br\/wp\/?page_id=31","title":{"rendered":"Nossos Clientes"},"content":{"rendered":"<p><strong>NOSSOS CLIENTES<\/strong><\/p>\n<p>O Escrit\u00f3rio Santa Cec\u00edlia Contabilidade possui uma carteira s\u00f3lida,&nbsp;formada por mais de 300 clientes fixos, atuantes nas \u00e1reas de: Presta\u00e7\u00e3o de&nbsp;Servi\u00e7os em geral, Ind\u00fastria, Com\u00e9rcio Atacadista e Varejista, Engenharia e&nbsp;Consultoria, Representa\u00e7\u00e3o Comercial, Construtora e outros.<\/p>\n","protected":false},"excerpt":{"rendered":"<p>NOSSOS CLIENTES O Escrit\u00f3rio Santa Cec\u00edlia Contabilidade possui uma carteira s\u00f3lida,&nbsp;formada por mais de 300 clientes fixos, atuantes nas \u00e1reas de: Presta\u00e7\u00e3o de&nbsp;Servi\u00e7os em geral, Ind\u00fastria, Com\u00e9rcio Atacadista e Varejista, Engenharia e&nbsp;Consultoria, Representa\u00e7\u00e3o Comercial, Construtora e outros.<\/p>\n","protected":false},"author":2,"featured_media":0,"parent":0,"menu_order":0,"comment_status":"closed","ping_status":"open","template":"","meta":[],"_links":{"self":[{"href":"https:\/\/santaceciliacontabil.com.br\/wp\/index.php?rest_route=\/wp\/v2\/pages\/31"}],"collection":[{"href":"https:\/\/santaceciliacontabil.com.br\/wp\/index.php?rest_route=\/wp\/v2\/pages"}],"about":[{"href":"https:\/\/santaceciliacontabil.com.br\/wp\/index.php?rest_route=\/wp\/v2\/types\/page"}],"author":[{"embeddable":true,"href":"https:\/\/santaceciliacontabil.com.br\/wp\/index.php?rest_route=\/wp\/v2\/users\/2"}],"replies":[{"embeddable":true,"href":"https:\/\/santaceciliacontabil.com.br\/wp\/index.php?rest_route=%2Fwp%2Fv2%2Fcomments&post=31"}],"version-history":[{"count":2,"href":"https:\/\/santaceciliacontabil.com.br\/wp\/index.php?rest_route=\/wp\/v2\/pages\/31\/revisions"}],"predecessor-version":[{"id":130,"href":"https:\/\/santaceciliacontabil.com.br\/wp\/index.php?rest_route=\/wp\/v2\/pages\/31\/revisions\/130"}],"wp:attachment":[{"href":"https:\/\/santaceciliacontabil.com.br\/wp\/index.php?rest_route=%2Fwp%2Fv2%2Fmedia&parent=31"}],"curies":[{"name":"wp","href":"https:\/\/api.w.org\/{rel}","templated":true}]}}