{"id":33,"date":"2014-09-14T18:00:59","date_gmt":"2014-09-14T18:00:59","guid":{"rendered":"http:\/\/santaceciliacontabil.com.br\/wp\/?page_id=33"},"modified":"2014-09-30T22:41:38","modified_gmt":"2014-09-30T22:41:38","slug":"perfil-dos-profissionais","status":"publish","type":"page","link":"https:\/\/santaceciliacontabil.com.br\/wp\/?page_id=33","title":{"rendered":"Perfil dos profissionais"},"content":{"rendered":"<p><strong>PERFIL PROFISSIONAL DE NOSSOS COLABORADORES<\/strong><\/p>\n<p style=\"text-align: justify;\">\u00a0 \u00a0 \u00a0 \u00a0 Na busca de sempre atender nossos clientes como efici\u00eancia e\u00a0dedica\u00e7\u00e3o, um dos pontos primordiais em nosso objetivo \u00e9 a respeito do\u00a0investimento em nossa equipe de colaboradores, sendo continuamente inseridos\u00a0na nova era da tecnologia e das constantes mudan\u00e7as na legisla\u00e7\u00e3o fiscal,\u00a0cont\u00e1bil e trabalhista, nossos profissionais est\u00e3o sempre atualizados com\u00a0informa\u00e7\u00f5es das mais variadas fontes de pesquisa, possuindo ferramentas de\u00a0busca para o atendimento imediato a todo questionamento de nossos clientes\u00a0sobre eventuais mudan\u00e7as. N\u00e3o Menos importante, estamos sempre em observa\u00e7\u00e3o\u00a0\u00e0s atitudes \u00e9ticas de nossos colaboradores, sempre atentos \u00e0 imparcialidade\u00a0nas informa\u00e7\u00f5es transmitidas e nos servi\u00e7os executados.<\/p>\n<p style=\"text-align: justify;\">\u00a0\u00a0\u00a0\u00a0\u00a0\u00a0 Como toda ci\u00eancia a\u00a0contabilidade traz problem\u00e1tica em que temos a obriga\u00e7\u00e3o de pesquisar e\u00a0resolver qualquer dificuldade imposta, por esse motivo sempre questionamos a\u00a0justificativa de cada ato profissional.<\/p>\n","protected":false},"excerpt":{"rendered":"<p>PERFIL PROFISSIONAL DE NOSSOS COLABORADORES \u00a0 \u00a0 \u00a0 \u00a0 Na busca de sempre atender nossos clientes como efici\u00eancia e\u00a0dedica\u00e7\u00e3o, um dos pontos primordiais em nosso objetivo \u00e9 a respeito do\u00a0investimento em nossa equipe de colaboradores, sendo continuamente inseridos\u00a0na nova era da tecnologia e das constantes mudan\u00e7as na legisla\u00e7\u00e3o fiscal,\u00a0cont\u00e1bil e trabalhista, nossos profissionais est\u00e3o sempre [&hellip;]<\/p>\n","protected":false},"author":2,"featured_media":0,"parent":0,"menu_order":0,"comment_status":"closed","ping_status":"closed","template":"","meta":[],"_links":{"self":[{"href":"https:\/\/santaceciliacontabil.com.br\/wp\/index.php?rest_route=\/wp\/v2\/pages\/33"}],"collection":[{"href":"https:\/\/santaceciliacontabil.com.br\/wp\/index.php?rest_route=\/wp\/v2\/pages"}],"about":[{"href":"https:\/\/santaceciliacontabil.com.br\/wp\/index.php?rest_route=\/wp\/v2\/types\/page"}],"author":[{"embeddable":true,"href":"https:\/\/santaceciliacontabil.com.br\/wp\/index.php?rest_route=\/wp\/v2\/users\/2"}],"replies":[{"embeddable":true,"href":"https:\/\/santaceciliacontabil.com.br\/wp\/index.php?rest_route=%2Fwp%2Fv2%2Fcomments&post=33"}],"version-history":[{"count":5,"href":"https:\/\/santaceciliacontabil.com.br\/wp\/index.php?rest_route=\/wp\/v2\/pages\/33\/revisions"}],"predecessor-version":[{"id":91,"href":"https:\/\/santaceciliacontabil.com.br\/wp\/index.php?rest_route=\/wp\/v2\/pages\/33\/revisions\/91"}],"wp:attachment":[{"href":"https:\/\/santaceciliacontabil.com.br\/wp\/index.php?rest_route=%2Fwp%2Fv2%2Fmedia&parent=33"}],"curies":[{"name":"wp","href":"https:\/\/api.w.org\/{rel}","templated":true}]}}