{"id":4,"date":"2014-09-14T17:42:20","date_gmt":"2014-09-14T17:42:20","guid":{"rendered":"http:\/\/santaceciliacontabil.com.br\/wp\/?page_id=4"},"modified":"2020-11-04T21:25:19","modified_gmt":"2020-11-04T21:25:19","slug":"empresa","status":"publish","type":"page","link":"https:\/\/santaceciliacontabil.com.br\/wp\/","title":{"rendered":"Empresa"},"content":{"rendered":"<p><span style=\"color: #993300;\">Santa Cec\u00edlia Contabilidade iniciou suas atividades no ano de 1983, com a responsabilidade de Alcir Stefani e Valdeci Louren\u00e7o Franco. Hoje com novos conceitos, passa a atuar tamb\u00e9m na \u00e1rea de Assessoria e Consultoria, para melhor atender aos prezados clientes, seguindo as exig\u00eancias do atual<\/span><br \/>\n<span style=\"color: #993300;\"> mercado.<\/span><br \/>\n<span style=\"color: #993300;\"> Atuando nos seguimentos profissionais da contabilidade,\u00a0 sempre prezando a excel\u00eancia na presta\u00e7\u00e3o de servi\u00e7o.<\/span><\/p>\n","protected":false},"excerpt":{"rendered":"<p>Santa Cec\u00edlia Contabilidade iniciou suas atividades no ano de 1983, com a responsabilidade de Alcir Stefani e Valdeci Louren\u00e7o Franco. Hoje com novos conceitos, passa a atuar tamb\u00e9m na \u00e1rea de Assessoria e Consultoria, para melhor atender aos prezados clientes, seguindo as exig\u00eancias do atual mercado. Atuando nos seguimentos profissionais da contabilidade,\u00a0 sempre prezando a [&hellip;]<\/p>\n","protected":false},"author":2,"featured_media":0,"parent":0,"menu_order":0,"comment_status":"closed","ping_status":"closed","template":"","meta":[],"_links":{"self":[{"href":"https:\/\/santaceciliacontabil.com.br\/wp\/index.php?rest_route=\/wp\/v2\/pages\/4"}],"collection":[{"href":"https:\/\/santaceciliacontabil.com.br\/wp\/index.php?rest_route=\/wp\/v2\/pages"}],"about":[{"href":"https:\/\/santaceciliacontabil.com.br\/wp\/index.php?rest_route=\/wp\/v2\/types\/page"}],"author":[{"embeddable":true,"href":"https:\/\/santaceciliacontabil.com.br\/wp\/index.php?rest_route=\/wp\/v2\/users\/2"}],"replies":[{"embeddable":true,"href":"https:\/\/santaceciliacontabil.com.br\/wp\/index.php?rest_route=%2Fwp%2Fv2%2Fcomments&post=4"}],"version-history":[{"count":3,"href":"https:\/\/santaceciliacontabil.com.br\/wp\/index.php?rest_route=\/wp\/v2\/pages\/4\/revisions"}],"predecessor-version":[{"id":123,"href":"https:\/\/santaceciliacontabil.com.br\/wp\/index.php?rest_route=\/wp\/v2\/pages\/4\/revisions\/123"}],"wp:attachment":[{"href":"https:\/\/santaceciliacontabil.com.br\/wp\/index.php?rest_route=%2Fwp%2Fv2%2Fmedia&parent=4"}],"curies":[{"name":"wp","href":"https:\/\/api.w.org\/{rel}","templated":true}]}}