{"id":6,"date":"2014-09-14T17:42:54","date_gmt":"2014-09-14T17:42:54","guid":{"rendered":"http:\/\/santaceciliacontabil.com.br\/wp\/?page_id=6"},"modified":"2014-09-30T22:42:49","modified_gmt":"2014-09-30T22:42:49","slug":"servicos","status":"publish","type":"page","link":"https:\/\/santaceciliacontabil.com.br\/wp\/?page_id=6","title":{"rendered":"Servi\u00e7os"},"content":{"rendered":"<h4>Possu\u00edmos os melhores servi\u00e7os a disposi\u00e7\u00e3o da \u00a0sua empresa:<\/h4>\n<p>Dentre alguns servi\u00e7os podemos citar:<\/p>\n<p><strong>Consultoria Cont\u00e1bil<\/strong><\/p>\n<p style=\"padding-left: 30px;\">Assessorando na Defini\u00e7\u00e3o e elabora\u00e7\u00e3o do plano de contas e dos centros de resultados (centro de custos);<\/p>\n<ul>\n<li>An\u00e1lise documental e classifica\u00e7\u00e3o cont\u00e1bil por centro de resultados;<\/li>\n<li>Processamento de balancetes mensais por centro de resultados;<\/li>\n<li>Controle do imobilizado, calculando a deprecia\u00e7\u00e3o mensal por centro de resultados;<\/li>\n<li>Concilia\u00e7\u00e3o das contas banc\u00e1rias e aplica\u00e7\u00f5es financeiras;<\/li>\n<li>Concilia\u00e7\u00e3o e controle dos financiamentos a curto e\/ou longo prazos;<\/li>\n<\/ul>\n<p><strong>Consultoria Fiscal<\/strong><\/p>\n<p style=\"padding-left: 30px;\">O Escrit\u00f3rio Santa Cec\u00edlia Contabilidade possui servi\u00e7os de assessoria que atendem as necessidades de sua empresa, seja ela de pequeno, m\u00e9dio ou grande porte, na correta aplica\u00e7\u00e3o da legisla\u00e7\u00e3o na emiss\u00e3o das notas fiscais, como: CFOP\u00b4s, classifica\u00e7\u00e3o fiscal de produtos, c\u00e1lculo de ICMS e IPI, al\u00e9m de reten\u00e7\u00f5es de impostos (INSS, IR e ISS), bem como, apura\u00e7\u00e3o de impostos em todos os n\u00edveis (Federal, Estadual e Municipal).<\/p>\n<p><strong>Rotinas Trabalhistas<\/strong><\/p>\n<p style=\"padding-left: 30px;\">Ao que se refere a rotinas trabalhista, nosso Departamento de Recursos Humanos segue importantes t\u00f3picos que devem ser observadas de forma legal, n\u00e3o apenas pela \u00f3tica administrativa, mas pelas obriga\u00e7\u00f5es e consequ\u00eancias jur\u00eddicas que os atos provocam.<\/p>\n<p style=\"padding-left: 30px;\">Admiss\u00e3o com todos os procedimentos necess\u00e1rios; Contribui\u00e7\u00e3o Sindical Patronal e Funcional; Recibo de pr\u00f3-labore de S\u00f3cios de empresas; C\u00e1lculos das Guias de INSS, FGTS e IRRF sobre assalariados, s\u00f3cios e Aut\u00f4nomos; Elabora\u00e7\u00e3o do Quadro de Hor\u00e1rio de Empregados; Atualiza\u00e7\u00e3o do Livro de Registro de Empregados; Folha de Pagamentos e holerites; Rescis\u00f5es Trabalhistas; Aviso e Recibo de F\u00e9rias; Obten\u00e7\u00e3o da Inscri\u00e7\u00e3o no PIS quando ao primeiro emprego; elabora\u00e7\u00e3o e envio da RAIS e DIRF; elabora\u00e7\u00e3o e envio do CAGED; registro, Anota\u00e7\u00f5es e baixas em Carteiras de Trabalho; envio dos Informes de Rendimentos de Empregados, S\u00f3cios e Aut\u00f4nomos.<\/p>\n<p><strong>Abertura de Empresas<\/strong><\/p>\n<p style=\"padding-left: 30px;\">O Escrit\u00f3rio Santa Cec\u00edlia Contabilidade ao longo de sua hist\u00f3ria vem auxiliando empres\u00e1rios, profissionais liberais e aut\u00f4nomos no processo de implanta\u00e7\u00e3o e abertura de seu empreendimento empresarial, gerenciando com compet\u00eancia e objetividade toda burocracia fiscal e cont\u00e1bil.<\/p>\n<p><strong>Consultoria Empresarial<\/strong><\/p>\n<ul>\n<li>Revis\u00e3o de Demonstra\u00e7\u00f5es Financeiras de exerc\u00edcios anteriores;<\/li>\n<li>Revis\u00e3o de Declara\u00e7\u00f5es do Imposto de Renda de exerc\u00edcios anteriores (pessoa f\u00edsica e jur\u00eddica).<\/li>\n<\/ul>\n<p><strong>Declara\u00e7\u00e3o de Imposto de Renda Pessoa F\u00edsica \/ Jur\u00eddica<\/strong><\/p>\n<p style=\"padding-left: 30px;\">Com honestidade e responsabilidade, o escrit\u00f3rio Santa Cecilia Contabilidade presta o servi\u00e7o de elabora\u00e7\u00e3o e entrega da Declara\u00e7\u00e3o de Imposto de Rendas Pessoa F\u00edsica e Jur\u00eddica, sempre de forma objetiva e atenta as mudan\u00e7a em rela\u00e7\u00e3o ao regulamento do IR.<\/p>\n","protected":false},"excerpt":{"rendered":"<p>Possu\u00edmos os melhores servi\u00e7os a disposi\u00e7\u00e3o da \u00a0sua empresa: Dentre alguns servi\u00e7os podemos citar: Consultoria Cont\u00e1bil Assessorando na Defini\u00e7\u00e3o e elabora\u00e7\u00e3o do plano de contas e dos centros de resultados (centro de custos); An\u00e1lise documental e classifica\u00e7\u00e3o cont\u00e1bil por centro de resultados; Processamento de balancetes mensais por centro de resultados; Controle do imobilizado, calculando a [&hellip;]<\/p>\n","protected":false},"author":2,"featured_media":0,"parent":4,"menu_order":0,"comment_status":"closed","ping_status":"closed","template":"","meta":[],"_links":{"self":[{"href":"https:\/\/santaceciliacontabil.com.br\/wp\/index.php?rest_route=\/wp\/v2\/pages\/6"}],"collection":[{"href":"https:\/\/santaceciliacontabil.com.br\/wp\/index.php?rest_route=\/wp\/v2\/pages"}],"about":[{"href":"https:\/\/santaceciliacontabil.com.br\/wp\/index.php?rest_route=\/wp\/v2\/types\/page"}],"author":[{"embeddable":true,"href":"https:\/\/santaceciliacontabil.com.br\/wp\/index.php?rest_route=\/wp\/v2\/users\/2"}],"replies":[{"embeddable":true,"href":"https:\/\/santaceciliacontabil.com.br\/wp\/index.php?rest_route=%2Fwp%2Fv2%2Fcomments&post=6"}],"version-history":[{"count":3,"href":"https:\/\/santaceciliacontabil.com.br\/wp\/index.php?rest_route=\/wp\/v2\/pages\/6\/revisions"}],"predecessor-version":[{"id":92,"href":"https:\/\/santaceciliacontabil.com.br\/wp\/index.php?rest_route=\/wp\/v2\/pages\/6\/revisions\/92"}],"up":[{"embeddable":true,"href":"https:\/\/santaceciliacontabil.com.br\/wp\/index.php?rest_route=\/wp\/v2\/pages\/4"}],"wp:attachment":[{"href":"https:\/\/santaceciliacontabil.com.br\/wp\/index.php?rest_route=%2Fwp%2Fv2%2Fmedia&parent=6"}],"curies":[{"name":"wp","href":"https:\/\/api.w.org\/{rel}","templated":true}]}}